{"id":1531,"date":"2024-04-16T10:15:56","date_gmt":"2024-04-16T08:15:56","guid":{"rendered":"https:\/\/grupsat.com\/servicios\/energia-biogas\/"},"modified":"2024-10-21T09:27:55","modified_gmt":"2024-10-21T07:27:55","slug":"energia-biogas","status":"publish","type":"page","link":"https:\/\/grupsat.com\/es\/servicios\/energia-biogas\/","title":{"rendered":"Energ\u00eda Biog\u00e1s"},"content":{"rendered":"<p><div class=\"fusion-fullwidth fullwidth-box fusion-builder-row-1 fusion-flex-container fusion-parallax-none nonhundred-percent-fullwidth non-hundred-percent-height-scrolling lazyload\" style=\"--awb-border-radius-top-left:0px;--awb-border-radius-top-right:0px;--awb-border-radius-bottom-right:0px;--awb-border-radius-bottom-left:0px;--awb-padding-top:130px;--awb-padding-bottom:130px;--awb-padding-top-small:50px;--awb-padding-bottom-small:50px;--awb-background-image:linear-gradient(0deg, rgba(11,38,33,0.1) 0%,rgba(11,38,33,0.6) 100%);;--awb-background-size:cover;--awb-flex-wrap:wrap;\" data-bg=\"https:\/\/grupsat.com\/wp-content\/uploads\/2024\/04\/header-energia-biogas-grup-sat-alt.jpg\" data-bg-gradient=\"linear-gradient(0deg, rgba(11,38,33,0.1) 0%,rgba(11,38,33,0.6) 100%)\" ><div class=\"fusion-builder-row fusion-row fusion-flex-align-items-flex-start fusion-flex-content-wrap\" style=\"max-width:calc( 1100px + 0px );margin-left: calc(-0px \/ 2 );margin-right: calc(-0px \/ 2 );\"><div class=\"fusion-layout-column fusion_builder_column fusion-builder-column-0 fusion_builder_column_1_1 1_1 fusion-flex-column\" style=\"--awb-bg-size:cover;--awb-width-large:100%;--awb-margin-top-large:0px;--awb-spacing-right-large:0px;--awb-margin-bottom-large:0px;--awb-spacing-left-large:0px;--awb-width-medium:100%;--awb-order-medium:0;--awb-spacing-right-medium:0px;--awb-spacing-left-medium:0px;--awb-width-small:100%;--awb-order-small:0;--awb-spacing-right-small:0px;--awb-spacing-left-small:0px;\"><div class=\"fusion-column-wrapper fusion-column-has-shadow fusion-flex-justify-content-flex-start fusion-content-layout-column\"><div class=\"fusion-title title fusion-title-1 fusion-sep-none fusion-title-center fusion-title-text fusion-title-size-one\" style=\"--awb-text-color:var(--awb-color1);\"><h1 class=\"fusion-title-heading title-heading-center fusion-responsive-typography-calculated\" style=\"margin:0;--fontSize:70;line-height:var(--awb-typography1-line-height);\">Energ\u00eda Biog\u00e1s<\/h1><\/div><\/div><\/div><\/div><\/div><div class=\"fusion-fullwidth fullwidth-box fusion-builder-row-2 fusion-flex-container fusion-parallax-none nonhundred-percent-fullwidth non-hundred-percent-height-scrolling lazyload\" style=\"--awb-border-radius-top-left:0px;--awb-border-radius-top-right:0px;--awb-border-radius-bottom-right:0px;--awb-border-radius-bottom-left:0px;--awb-padding-top:8%;--awb-padding-bottom:8%;--awb-background-image:linear-gradient(180deg, rgba(255,255,255,0.98) 0%,rgba(255,255,255,0.94) 100%);;--awb-background-size:cover;--awb-flex-wrap:wrap;\" data-bg=\"https:\/\/grupsat.com\/wp-content\/uploads\/2024\/04\/bg-g-grup-sat-01.jpg\" data-bg-gradient=\"linear-gradient(180deg, rgba(255,255,255,0.98) 0%,rgba(255,255,255,0.94) 100%)\" ><div class=\"fusion-builder-row fusion-row fusion-flex-align-items-stretch fusion-flex-content-wrap\" style=\"max-width:1144px;margin-left: calc(-4% \/ 2 );margin-right: calc(-4% \/ 2 );\"><div class=\"fusion-layout-column fusion_builder_column fusion-builder-column-1 fusion_builder_column_3_5 3_5 fusion-flex-column fusion-animated\" style=\"--awb-bg-size:cover;--awb-width-large:60%;--awb-margin-top-large:0px;--awb-spacing-right-large:3.2%;--awb-margin-bottom-large:30px;--awb-spacing-left-large:3.2%;--awb-width-medium:100%;--awb-spacing-right-medium:1.92%;--awb-spacing-left-medium:1.92%;--awb-width-small:100%;--awb-spacing-right-small:1.92%;--awb-spacing-left-small:1.92%;\" data-animationType=\"fadeInLeft\" data-animationDuration=\"1.0\" data-animationOffset=\"top-into-view\"><div class=\"fusion-column-wrapper fusion-column-has-shadow fusion-flex-justify-content-center fusion-content-layout-column\"><div class=\"fusion-title title fusion-title-2 fusion-sep-none fusion-title-text fusion-title-size-two\" style=\"--awb-text-color:var(--awb-color5);--awb-font-size:20px;\"><h2 class=\"fusion-title-heading title-heading-left fusion-responsive-typography-calculated\" style=\"margin:0;font-size:1em;--fontSize:20;--minFontSize:20;line-height:1.5;\">ENERGISAT<\/h2><\/div><div class=\"fusion-separator\" style=\"align-self: flex-start;margin-right:auto;margin-bottom:30px;width:100%;max-width:100px;\"><div class=\"fusion-separator-border sep-single sep-solid\" style=\"--awb-height:20px;--awb-amount:20px;--awb-sep-color:var(--awb-color4);border-color:var(--awb-color4);border-top-width:4px;\"><\/div><\/div><div class=\"fusion-text fusion-text-1\"><p>Como productores de energ\u00eda el\u00e9ctrica a partir de biog\u00e1s, tenemos un papel clave en la transici\u00f3n hacia fuentes de energ\u00eda m\u00e1s <b>sostenibles y limpias.<\/b><\/p>\n<p>Mediante el tratamiento de residuos org\u00e1nicos, convertimos el biog\u00e1s en electricidad que es inyectada en la red el\u00e9ctrica para la venta. Esta energ\u00eda renovable no s\u00f3lo reduce las emisiones de gases de efecto invernadero, sino que tambi\u00e9n ayuda a <b>gestionar los<\/b> <b>residuos org\u00e1nicos de forma responsable.<\/b><\/p>\n<p>Como parte de nuestra misi\u00f3n de promover un futuro m\u00e1s sostenible, seguimos invirtiendo en tecnolog\u00edas y pr\u00e1cticas que favorezcan la producci\u00f3n de <b>energ\u00eda limpia y renovable.<\/b><\/p>\n<\/div><div class=\"fusion-separator fusion-full-width-sep\" style=\"align-self: center;margin-left: auto;margin-right: auto;margin-top:20px;width:100%;\"><\/div><\/div><\/div><div class=\"fusion-layout-column fusion_builder_column fusion-builder-column-2 fusion_builder_column_2_5 2_5 fusion-flex-column fusion-flex-align-self-center\" style=\"--awb-bg-size:cover;--awb-width-large:40%;--awb-margin-top-large:0px;--awb-spacing-right-large:4.8%;--awb-margin-bottom-large:0px;--awb-spacing-left-large:4.8%;--awb-width-medium:100%;--awb-spacing-right-medium:1.92%;--awb-spacing-left-medium:1.92%;--awb-width-small:100%;--awb-spacing-right-small:1.92%;--awb-spacing-left-small:1.92%;\"><div class=\"fusion-column-wrapper fusion-column-has-shadow fusion-flex-justify-content-space-between fusion-content-layout-column\"><div class=\"fusion-image-element sm-text-align-center\" style=\"--awb-liftup-border-radius:1000px;--awb-aspect-ratio:1 \/ 1;--awb-object-position:0% 57%;--awb-margin-bottom:20px;--awb-caption-title-font-family:var(--h2_typography-font-family);--awb-caption-title-font-weight:var(--h2_typography-font-weight);--awb-caption-title-font-style:var(--h2_typography-font-style);--awb-caption-title-size:var(--h2_typography-font-size);--awb-caption-title-transform:var(--h2_typography-text-transform);--awb-caption-title-line-height:var(--h2_typography-line-height);--awb-caption-title-letter-spacing:var(--h2_typography-letter-spacing);\"><div class=\"awb-image-frame awb-image-frame-1 imageframe-liftup imageframe-1\"><span class=\" fusion-imageframe imageframe-none imageframe-1 has-aspect-ratio fusion-animated\" style=\"border:6px solid rgba(77,156,59,0.31);border-radius:1000px;\" data-animationType=\"fadeInDown\" data-animationDuration=\"1.0\" data-animationOffset=\"top-into-view\"><img decoding=\"async\" width=\"800\" height=\"600\" title=\"img-energia-biogas-grup-sat\" src=\"https:\/\/grupsat.com\/wp-content\/uploads\/2024\/04\/img-energia-biogas-grup-sat.jpg\" data-orig-src=\"https:\/\/grupsat.com\/wp-content\/uploads\/2024\/04\/img-energia-biogas-grup-sat.jpg\" class=\"lazyload img-responsive wp-image-1400 img-with-aspect-ratio\" alt srcset=\"data:image\/svg+xml,%3Csvg%20xmlns%3D%27http%3A%2F%2Fwww.w3.org%2F2000%2Fsvg%27%20width%3D%27800%27%20height%3D%27600%27%20viewBox%3D%270%200%20800%20600%27%3E%3Crect%20width%3D%27800%27%20height%3D%27600%27%20fill-opacity%3D%220%22%2F%3E%3C%2Fsvg%3E\" data-srcset=\"https:\/\/grupsat.com\/wp-content\/uploads\/2024\/04\/img-energia-biogas-grup-sat-200x150.jpg 200w, https:\/\/grupsat.com\/wp-content\/uploads\/2024\/04\/img-energia-biogas-grup-sat-400x300.jpg 400w, https:\/\/grupsat.com\/wp-content\/uploads\/2024\/04\/img-energia-biogas-grup-sat-600x450.jpg 600w, https:\/\/grupsat.com\/wp-content\/uploads\/2024\/04\/img-energia-biogas-grup-sat.jpg 800w\" data-sizes=\"auto\" data-orig-sizes=\"(max-width: 1024px) 100vw, (max-width: 650px) 100vw, 600px\" \/><\/span><\/div><\/div><div class=\"fusion-separator fusion-full-width-sep\" style=\"align-self: center;margin-left: auto;margin-right: auto;margin-top:20px;width:100%;\"><\/div><\/div><\/div><\/div><\/div><div class=\"fusion-fullwidth fullwidth-box fusion-builder-row-3 fusion-flex-container fusion-parallax-none nonhundred-percent-fullwidth non-hundred-percent-height-scrolling lazyload\" style=\"--awb-border-radius-top-left:0px;--awb-border-radius-top-right:0px;--awb-border-radius-bottom-right:0px;--awb-border-radius-bottom-left:0px;--awb-padding-top:90px;--awb-padding-bottom:90px;--awb-background-image:linear-gradient(0deg, var(--awb-custom_color_1) 0%,rgba(11,38,33,0.51) 100%);;--awb-background-size:cover;--awb-flex-wrap:nowrap;--awb-flex-wrap-small:wrap;\" data-bg=\"https:\/\/grupsat.com\/wp-content\/uploads\/2024\/04\/header-energia-biogas-grup-sat.jpg\" data-bg-gradient=\"linear-gradient(0deg, var(--awb-custom_color_1) 0%,rgba(11,38,33,0.51) 100%)\" ><div class=\"fusion-builder-row fusion-row fusion-flex-align-items-stretch fusion-flex-content-wrap\" style=\"max-width:1144px;margin-left: calc(-4% \/ 2 );margin-right: calc(-4% \/ 2 );\"><div class=\"fusion-layout-column fusion_builder_column fusion-builder-column-3 fusion_builder_column_2_3 2_3 fusion-flex-column\" style=\"--awb-bg-size:cover;--awb-width-large:66.666666666667%;--awb-margin-top-large:0px;--awb-spacing-right-large:2.88%;--awb-margin-bottom-large:0px;--awb-spacing-left-large:2.88%;--awb-width-medium:100%;--awb-spacing-right-medium:1.92%;--awb-spacing-left-medium:1.92%;--awb-width-small:100%;--awb-spacing-right-small:1.92%;--awb-spacing-left-small:1.92%;\"><div class=\"fusion-column-wrapper fusion-column-has-shadow fusion-flex-justify-content-flex-start fusion-content-layout-column\"><div class=\"fusion-title title fusion-title-3 fusion-sep-none fusion-title-text fusion-title-size-two\" style=\"--awb-text-color:var(--awb-color1);\"><h2 class=\"fusion-title-heading title-heading-left fusion-responsive-typography-calculated\" style=\"margin:0;--fontSize:60;line-height:1.5;\">Servicios Agr\u00edcolas Sostenibles<\/h2><\/div><div class=\"fusion-text fusion-text-2\" style=\"--awb-text-color:var(--awb-color1);\"><p>Cogul Sat, Ecosat y Energisat, productos ecol\u00f3gicos de primera calidad, servicios agr\u00edcolas especializados y soluciones energ\u00e9ticas innovadoras.<\/p>\n<\/div><\/div><\/div><div class=\"fusion-layout-column fusion_builder_column fusion-builder-column-4 fusion_builder_column_1_3 1_3 fusion-flex-column\" style=\"--awb-bg-size:cover;--awb-width-large:33.333333333333%;--awb-margin-top-large:0px;--awb-spacing-right-large:5.76%;--awb-margin-bottom-large:0px;--awb-spacing-left-large:5.76%;--awb-width-medium:100%;--awb-spacing-right-medium:1.92%;--awb-spacing-left-medium:1.92%;--awb-width-small:100%;--awb-spacing-right-small:1.92%;--awb-spacing-left-small:1.92%;\"><div class=\"fusion-column-wrapper fusion-column-has-shadow fusion-flex-justify-content-center fusion-content-layout-column\"><div class=\"sm-text-align-left\" style=\"text-align:right;\"><a class=\"fusion-button button-flat button-xlarge button-custom fusion-button-default button-1 fusion-button-default-span fusion-button-default-type\" style=\"--button_accent_color:var(--awb-color1);--button_border_color:var(--awb-color8);--button_accent_hover_color:var(--awb-color8);--button_border_hover_color:var(--awb-color8);--button_gradient_top_color:var(--awb-color5);--button_gradient_bottom_color:var(--awb-color5);--button_gradient_top_color_hover:var(--awb-color4);--button_gradient_bottom_color_hover:var(--awb-color4);\" target=\"_self\" href=\"https:\/\/grupsat.com\/es\/contacte\/\"><span class=\"fusion-button-text\">CONTACTAR<\/span><\/a><\/div><\/div><\/div><\/div><\/div><\/p>\n","protected":false},"excerpt":{"rendered":"","protected":false},"author":1,"featured_media":0,"parent":1480,"menu_order":0,"comment_status":"closed","ping_status":"closed","template":"100-width.php","meta":{"footnotes":""},"class_list":["post-1531","page","type-page","status-publish","hentry"],"yoast_head":"<!-- This site is optimized with the Yoast SEO plugin v22.5 - https:\/\/yoast.com\/wordpress\/plugins\/seo\/ -->\n<title>Energ\u00eda Biog\u00e1s - Grup SAT Serveis Agr\u00edcoles Especialitzats<\/title>\n<meta name=\"robots\" content=\"index, follow, max-snippet:-1, max-image-preview:large, max-video-preview:-1\" \/>\n<link rel=\"canonical\" href=\"https:\/\/grupsat.com\/es\/servicios\/energia-biogas\/\" \/>\n<meta property=\"og:locale\" content=\"es_ES\" \/>\n<meta property=\"og:type\" content=\"article\" \/>\n<meta property=\"og:title\" content=\"Energ\u00eda Biog\u00e1s - Grup SAT Serveis Agr\u00edcoles Especialitzats\" \/>\n<meta property=\"og:url\" content=\"https:\/\/grupsat.com\/es\/servicios\/energia-biogas\/\" \/>\n<meta property=\"og:site_name\" content=\"Grup SAT Serveis Agr\u00edcoles Especialitzats\" \/>\n<meta property=\"article:modified_time\" content=\"2024-10-21T07:27:55+00:00\" \/>\n<meta name=\"twitter:card\" content=\"summary_large_image\" \/>\n<meta name=\"twitter:label1\" content=\"Tiempo de lectura\" \/>\n\t<meta name=\"twitter:data1\" content=\"1 minuto\" \/>\n<script type=\"application\/ld+json\" class=\"yoast-schema-graph\">{\"@context\":\"https:\/\/schema.org\",\"@graph\":[{\"@type\":\"WebPage\",\"@id\":\"https:\/\/grupsat.com\/es\/servicios\/energia-biogas\/\",\"url\":\"https:\/\/grupsat.com\/es\/servicios\/energia-biogas\/\",\"name\":\"Energ\u00eda Biog\u00e1s - Grup SAT Serveis Agr\u00edcoles Especialitzats\",\"isPartOf\":{\"@id\":\"https:\/\/grupsat.com\/#website\"},\"datePublished\":\"2024-04-16T08:15:56+00:00\",\"dateModified\":\"2024-10-21T07:27:55+00:00\",\"breadcrumb\":{\"@id\":\"https:\/\/grupsat.com\/es\/servicios\/energia-biogas\/#breadcrumb\"},\"inLanguage\":\"es\",\"potentialAction\":[{\"@type\":\"ReadAction\",\"target\":[\"https:\/\/grupsat.com\/es\/servicios\/energia-biogas\/\"]}]},{\"@type\":\"BreadcrumbList\",\"@id\":\"https:\/\/grupsat.com\/es\/servicios\/energia-biogas\/#breadcrumb\",\"itemListElement\":[{\"@type\":\"ListItem\",\"position\":1,\"name\":\"Portada\",\"item\":\"https:\/\/grupsat.com\/es\/\"},{\"@type\":\"ListItem\",\"position\":2,\"name\":\"Servicios\",\"item\":\"https:\/\/grupsat.com\/es\/servicios\/\"},{\"@type\":\"ListItem\",\"position\":3,\"name\":\"Energ\u00eda Biog\u00e1s\"}]},{\"@type\":\"WebSite\",\"@id\":\"https:\/\/grupsat.com\/#website\",\"url\":\"https:\/\/grupsat.com\/\",\"name\":\"Grup SAT Serveis Agr\u00edcoles Especialitzats\",\"description\":\"Cogul Sat, Ecosat i Energisat, productes ecol\u00f2gics de primera qualitat, serveis agr\u00edcoles especialitzats i solucions energ\u00e8tiques innovadores\",\"potentialAction\":[{\"@type\":\"SearchAction\",\"target\":{\"@type\":\"EntryPoint\",\"urlTemplate\":\"https:\/\/grupsat.com\/?s={search_term_string}\"},\"query-input\":\"required name=search_term_string\"}],\"inLanguage\":\"es\"}]}<\/script>\n<!-- \/ Yoast SEO plugin. -->","yoast_head_json":{"title":"Energ\u00eda Biog\u00e1s - Grup SAT Serveis Agr\u00edcoles Especialitzats","robots":{"index":"index","follow":"follow","max-snippet":"max-snippet:-1","max-image-preview":"max-image-preview:large","max-video-preview":"max-video-preview:-1"},"canonical":"https:\/\/grupsat.com\/es\/servicios\/energia-biogas\/","og_locale":"es_ES","og_type":"article","og_title":"Energ\u00eda Biog\u00e1s - Grup SAT Serveis Agr\u00edcoles Especialitzats","og_url":"https:\/\/grupsat.com\/es\/servicios\/energia-biogas\/","og_site_name":"Grup SAT Serveis Agr\u00edcoles Especialitzats","article_modified_time":"2024-10-21T07:27:55+00:00","twitter_card":"summary_large_image","twitter_misc":{"Tiempo de lectura":"1 minuto"},"schema":{"@context":"https:\/\/schema.org","@graph":[{"@type":"WebPage","@id":"https:\/\/grupsat.com\/es\/servicios\/energia-biogas\/","url":"https:\/\/grupsat.com\/es\/servicios\/energia-biogas\/","name":"Energ\u00eda Biog\u00e1s - Grup SAT Serveis Agr\u00edcoles Especialitzats","isPartOf":{"@id":"https:\/\/grupsat.com\/#website"},"datePublished":"2024-04-16T08:15:56+00:00","dateModified":"2024-10-21T07:27:55+00:00","breadcrumb":{"@id":"https:\/\/grupsat.com\/es\/servicios\/energia-biogas\/#breadcrumb"},"inLanguage":"es","potentialAction":[{"@type":"ReadAction","target":["https:\/\/grupsat.com\/es\/servicios\/energia-biogas\/"]}]},{"@type":"BreadcrumbList","@id":"https:\/\/grupsat.com\/es\/servicios\/energia-biogas\/#breadcrumb","itemListElement":[{"@type":"ListItem","position":1,"name":"Portada","item":"https:\/\/grupsat.com\/es\/"},{"@type":"ListItem","position":2,"name":"Servicios","item":"https:\/\/grupsat.com\/es\/servicios\/"},{"@type":"ListItem","position":3,"name":"Energ\u00eda Biog\u00e1s"}]},{"@type":"WebSite","@id":"https:\/\/grupsat.com\/#website","url":"https:\/\/grupsat.com\/","name":"Grup SAT Serveis Agr\u00edcoles Especialitzats","description":"Cogul Sat, Ecosat i Energisat, productes ecol\u00f2gics de primera qualitat, serveis agr\u00edcoles especialitzats i solucions energ\u00e8tiques innovadores","potentialAction":[{"@type":"SearchAction","target":{"@type":"EntryPoint","urlTemplate":"https:\/\/grupsat.com\/?s={search_term_string}"},"query-input":"required name=search_term_string"}],"inLanguage":"es"}]}},"_links":{"self":[{"href":"https:\/\/grupsat.com\/es\/wp-json\/wp\/v2\/pages\/1531","targetHints":{"allow":["GET"]}}],"collection":[{"href":"https:\/\/grupsat.com\/es\/wp-json\/wp\/v2\/pages"}],"about":[{"href":"https:\/\/grupsat.com\/es\/wp-json\/wp\/v2\/types\/page"}],"author":[{"embeddable":true,"href":"https:\/\/grupsat.com\/es\/wp-json\/wp\/v2\/users\/1"}],"replies":[{"embeddable":true,"href":"https:\/\/grupsat.com\/es\/wp-json\/wp\/v2\/comments?post=1531"}],"version-history":[{"count":2,"href":"https:\/\/grupsat.com\/es\/wp-json\/wp\/v2\/pages\/1531\/revisions"}],"predecessor-version":[{"id":1639,"href":"https:\/\/grupsat.com\/es\/wp-json\/wp\/v2\/pages\/1531\/revisions\/1639"}],"up":[{"embeddable":true,"href":"https:\/\/grupsat.com\/es\/wp-json\/wp\/v2\/pages\/1480"}],"wp:attachment":[{"href":"https:\/\/grupsat.com\/es\/wp-json\/wp\/v2\/media?parent=1531"}],"curies":[{"name":"wp","href":"https:\/\/api.w.org\/{rel}","templated":true}]}}